{"id":1310,"date":"2023-01-26T09:38:50","date_gmt":"2023-01-26T09:38:50","guid":{"rendered":"https:\/\/mecane.com\/?page_id=1310"},"modified":"2023-02-07T12:27:14","modified_gmt":"2023-02-07T12:27:14","slug":"rectificats","status":"publish","type":"page","link":"https:\/\/mecane.com\/ca\/rectificats\/","title":{"rendered":"Rectificats"},"content":{"rendered":"\t\t<div data-elementor-type=\"wp-page\" data-elementor-id=\"1310\" class=\"elementor elementor-1310\">\n\t\t\t\t\t\t\t\t\t<section class=\"elementor-section elementor-top-section elementor-element elementor-element-318c4e5 elementor-hidden-desktop elementor-hidden-tablet elementor-hidden-mobile elementor-section-boxed elementor-section-height-default elementor-section-height-default\" data-id=\"318c4e5\" data-element_type=\"section\">\n\t\t\t\t\t\t<div class=\"elementor-container elementor-column-gap-default\">\n\t\t\t\t\t<div class=\"elementor-column elementor-col-100 elementor-top-column elementor-element elementor-element-d4f2ec8\" data-id=\"d4f2ec8\" data-element_type=\"column\">\n\t\t\t<div class=\"elementor-widget-wrap elementor-element-populated\">\n\t\t\t\t\t\t\t\t<div class=\"elementor-element elementor-element-6f4e511 elementor-widget elementor-widget-text-editor\" data-id=\"6f4e511\" data-element_type=\"widget\" data-widget_type=\"text-editor.default\">\n\t\t\t\t<div class=\"elementor-widget-container\">\n\t\t\t<style>\/*! elementor - v3.10.1 - 17-01-2023 *\/\n.elementor-widget-text-editor.elementor-drop-cap-view-stacked .elementor-drop-cap{background-color:#818a91;color:#fff}.elementor-widget-text-editor.elementor-drop-cap-view-framed .elementor-drop-cap{color:#818a91;border:3px solid;background-color:transparent}.elementor-widget-text-editor:not(.elementor-drop-cap-view-default) .elementor-drop-cap{margin-top:8px}.elementor-widget-text-editor:not(.elementor-drop-cap-view-default) .elementor-drop-cap-letter{width:1em;height:1em}.elementor-widget-text-editor .elementor-drop-cap{float:left;text-align:center;line-height:1;font-size:50px}.elementor-widget-text-editor .elementor-drop-cap-letter{display:inline-block}<\/style>\t\t\t\t<p>Nostres Rectificats<\/p><p>Rectificats<\/p><p>serveis<\/p>\t\t\t\t\t\t<\/div>\n\t\t\t\t<\/div>\n\t\t\t\t\t<\/div>\n\t\t<\/div>\n\t\t\t\t\t\t\t<\/div>\n\t\t<\/section>\n\t\t\t\t<section class=\"elementor-section elementor-top-section elementor-element elementor-element-bcae61f elementor-section-boxed elementor-section-height-default elementor-section-height-default\" data-id=\"bcae61f\" data-element_type=\"section\">\n\t\t\t\t\t\t<div class=\"elementor-container elementor-column-gap-default\">\n\t\t\t\t\t<div class=\"elementor-column elementor-col-100 elementor-top-column elementor-element elementor-element-7b3496a\" data-id=\"7b3496a\" data-element_type=\"column\">\n\t\t\t<div class=\"elementor-widget-wrap elementor-element-populated\">\n\t\t\t\t\t\t\t\t<div class=\"elementor-element elementor-element-752bb93 elementor-widget elementor-widget-image\" data-id=\"752bb93\" data-element_type=\"widget\" data-widget_type=\"image.default\">\n\t\t\t\t<div class=\"elementor-widget-container\">\n\t\t\t<style>\/*! elementor - v3.10.1 - 17-01-2023 *\/\n.elementor-widget-image{text-align:center}.elementor-widget-image a{display:inline-block}.elementor-widget-image a img[src$=\".svg\"]{width:48px}.elementor-widget-image img{vertical-align:middle;display:inline-block}<\/style>\t\t\t\t\t\t\t\t\t\t\t\t<img decoding=\"async\" width=\"1174\" height=\"540\" src=\"https:\/\/mecane.com\/wp-content\/uploads\/2023\/01\/rectificat.jpg\" class=\"attachment-full size-full wp-image-1395\" alt=\"Rectificats\" loading=\"lazy\" srcset=\"https:\/\/mecane.com\/wp-content\/uploads\/2023\/01\/rectificat.jpg 1174w, https:\/\/mecane.com\/wp-content\/uploads\/2023\/01\/rectificat-300x138.jpg 300w, https:\/\/mecane.com\/wp-content\/uploads\/2023\/01\/rectificat-1024x471.jpg 1024w, https:\/\/mecane.com\/wp-content\/uploads\/2023\/01\/rectificat-768x353.jpg 768w\" sizes=\"(max-width: 1174px) 100vw, 1174px\" \/>\t\t\t\t\t\t\t\t\t\t\t\t\t\t\t<\/div>\n\t\t\t\t<\/div>\n\t\t\t\t<div class=\"elementor-element elementor-element-91dc892 elementor-widget elementor-widget-heading\" data-id=\"91dc892\" data-element_type=\"widget\" data-widget_type=\"heading.default\">\n\t\t\t\t<div class=\"elementor-widget-container\">\n\t\t\t<style>\/*! elementor - v3.10.1 - 17-01-2023 *\/\n.elementor-heading-title{padding:0;margin:0;line-height:1}.elementor-widget-heading .elementor-heading-title[class*=elementor-size-]>a{color:inherit;font-size:inherit;line-height:inherit}.elementor-widget-heading .elementor-heading-title.elementor-size-small{font-size:15px}.elementor-widget-heading .elementor-heading-title.elementor-size-medium{font-size:19px}.elementor-widget-heading .elementor-heading-title.elementor-size-large{font-size:29px}.elementor-widget-heading .elementor-heading-title.elementor-size-xl{font-size:39px}.elementor-widget-heading .elementor-heading-title.elementor-size-xxl{font-size:59px}<\/style><h2 class=\"elementor-heading-title elementor-size-default\">Rectificats<\/h2>\t\t<\/div>\n\t\t\t\t<\/div>\n\t\t\t\t<div class=\"elementor-element elementor-element-23cb4ec elementor-widget elementor-widget-text-editor\" data-id=\"23cb4ec\" data-element_type=\"widget\" data-widget_type=\"text-editor.default\">\n\t\t\t\t<div class=\"elementor-widget-container\">\n\t\t\t\t\t\t\t<p>El rectificat industrial \u00e9s el proc\u00e9s de mecanitzaci\u00f3 per abrasi\u00f3 m\u00e9s com\u00fa i es du a terme en l&#8217;etapa final de la fabricaci\u00f3. Utilizem\u00a0<a href=\"https:\/\/mecane.com\/2023\/maquinaria\/\">m\u00e0quines<\/a> de rectificat per eliminar parts de la pe\u00e7a i donar-li forma amb m\u00e9s precisi\u00f3.\u00a0<\/p>\t\t\t\t\t\t<\/div>\n\t\t\t\t<\/div>\n\t\t\t\t<div class=\"elementor-element elementor-element-a5f8c82 elementor-widget elementor-widget-heading\" data-id=\"a5f8c82\" data-element_type=\"widget\" data-widget_type=\"heading.default\">\n\t\t\t\t<div class=\"elementor-widget-container\">\n\t\t\t<h4 class=\"elementor-heading-title elementor-size-default\">M\u00c0QUINES per a operacions de rectificat<\/h4>\t\t<\/div>\n\t\t\t\t<\/div>\n\t\t\t\t<div class=\"elementor-element elementor-element-5d589d0 elementor-widget elementor-widget-text-editor\" data-id=\"5d589d0\" data-element_type=\"widget\" data-widget_type=\"text-editor.default\">\n\t\t\t\t<div class=\"elementor-widget-container\">\n\t\t\t\t\t\t\t<p><span style=\"font-family: var(--font-family-DMsans);\">A Mecane tenim una \u00e0mplia gamma de processos i de m\u00e0quines rectificadores: planadores, cil\u00edndriques, universals i especials<\/span><\/p>\t\t\t\t\t\t<\/div>\n\t\t\t\t<\/div>\n\t\t\t\t<div class=\"elementor-element elementor-element-159f686 elementor-widget elementor-widget-image\" data-id=\"159f686\" data-element_type=\"widget\" data-widget_type=\"image.default\">\n\t\t\t\t<div class=\"elementor-widget-container\">\n\t\t\t\t\t\t\t\t\t\t\t\t\t\t\t<img decoding=\"async\" width=\"1174\" height=\"540\" src=\"https:\/\/mecane.com\/wp-content\/uploads\/2023\/01\/rectificat2.jpg\" class=\"attachment-full size-full wp-image-1397\" alt=\"Rectificats\" loading=\"lazy\" srcset=\"https:\/\/mecane.com\/wp-content\/uploads\/2023\/01\/rectificat2.jpg 1174w, https:\/\/mecane.com\/wp-content\/uploads\/2023\/01\/rectificat2-300x138.jpg 300w, https:\/\/mecane.com\/wp-content\/uploads\/2023\/01\/rectificat2-1024x471.jpg 1024w, https:\/\/mecane.com\/wp-content\/uploads\/2023\/01\/rectificat2-768x353.jpg 768w\" sizes=\"(max-width: 1174px) 100vw, 1174px\" \/>\t\t\t\t\t\t\t\t\t\t\t\t\t\t\t<\/div>\n\t\t\t\t<\/div>\n\t\t\t\t\t<\/div>\n\t\t<\/div>\n\t\t\t\t\t\t\t<\/div>\n\t\t<\/section>\n\t\t\t\t<section class=\"elementor-section elementor-top-section elementor-element elementor-element-384f13c elementor-section-full_width elementor-section-height-default elementor-section-height-default\" data-id=\"384f13c\" data-element_type=\"section\">\n\t\t\t\t\t\t<div class=\"elementor-container elementor-column-gap-default\">\n\t\t\t\t\t<div class=\"elementor-column elementor-col-100 elementor-top-column elementor-element elementor-element-60d7d2d\" data-id=\"60d7d2d\" data-element_type=\"column\">\n\t\t\t<div class=\"elementor-widget-wrap elementor-element-populated\">\n\t\t\t\t\t\t\t\t<div class=\"elementor-element elementor-element-049f09f elementor-widget elementor-widget-roonix_appointment_form_v6\" data-id=\"049f09f\" data-element_type=\"widget\" data-widget_type=\"roonix_appointment_form_v6.default\">\n\t\t\t\t<div class=\"elementor-widget-container\">\n\t\t\t    \r\n    <section class=\"services-form-section\">\r\n        <div class=\"auto-container\">\r\n                        <!-- Sec Title -->\r\n            <div class=\"sec-title centered\">\r\n                <h2>Necessites ajuda?<\/h2>\r\n            <\/div>\r\n                        \r\n                        <!-- Default Form \/ Style Two -->\r\n            <div class=\"default-form style-three\">\r\n               \n<div class=\"wpcf7 no-js\" id=\"wpcf7-f529-o1\" lang=\"ca\" dir=\"ltr\">\n<div class=\"screen-reader-response\"><p role=\"status\" aria-live=\"polite\" aria-atomic=\"true\"><\/p> <ul><\/ul><\/div>\n<form action=\"\/ca\/wp-json\/wp\/v2\/pages\/1310#wpcf7-f529-o1\" method=\"post\" class=\"wpcf7-form init\" aria-label=\"Formulari de contacte\" novalidate=\"novalidate\" data-status=\"init\">\n<div style=\"display: none;\">\n<input type=\"hidden\" name=\"_wpcf7\" value=\"529\" \/>\n<input type=\"hidden\" name=\"_wpcf7_version\" value=\"5.7.3\" \/>\n<input type=\"hidden\" name=\"_wpcf7_locale\" value=\"ca\" \/>\n<input type=\"hidden\" name=\"_wpcf7_unit_tag\" value=\"wpcf7-f529-o1\" \/>\n<input type=\"hidden\" name=\"_wpcf7_container_post\" value=\"0\" \/>\n<input type=\"hidden\" name=\"_wpcf7_posted_data_hash\" value=\"\" \/>\n<input type=\"hidden\" name=\"_wpcf7_recaptcha_response\" value=\"\" \/>\n<\/div>\n<div class=\"row clearfix\">\n\t<div class=\"col-lg-6 col-md-6 col-sm-12 form-group\">\n\t\t<p><span class=\"wpcf7-form-control-wrap\" data-name=\"text-885\"><input size=\"40\" class=\"wpcf7-form-control wpcf7-text wpcf7-validates-as-required\" aria-required=\"true\" aria-invalid=\"false\" placeholder=\"Nom\" value=\"\" type=\"text\" name=\"text-885\" \/><\/span>\n\t\t<\/p>\n\t<\/div>\n\t<div class=\"col-lg-6 col-md-6 col-sm-12 form-group\">\n\t\t<p><span class=\"wpcf7-form-control-wrap\" data-name=\"email-964\"><input size=\"40\" class=\"wpcf7-form-control wpcf7-text wpcf7-email wpcf7-validates-as-required wpcf7-validates-as-email\" aria-required=\"true\" aria-invalid=\"false\" placeholder=\"Email\" value=\"\" type=\"email\" name=\"email-964\" \/><\/span>\n\t\t<\/p>\n\t<\/div>\n\t<div class=\"col-lg-12 col-md-12 col-sm-12 form-group\">\n\t\t<p><span class=\"wpcf7-form-control-wrap\" data-name=\"textarea-25\"><textarea cols=\"40\" rows=\"10\" class=\"wpcf7-form-control wpcf7-textarea wpcf7-validates-as-required\" aria-required=\"true\" aria-invalid=\"false\" placeholder=\"Missatge\" name=\"textarea-25\"><\/textarea><\/span>\n\t\t<\/p>\n\t<\/div>\n\t<div class=\"col-lg-12 col-md-12 col-sm-12 form-group\">\n\t\t<p><span class=\"wpcf7-form-control-wrap\" data-name=\"acceptance-751\"><span class=\"wpcf7-form-control wpcf7-acceptance\"><span class=\"wpcf7-list-item\"><input type=\"checkbox\" name=\"acceptance-751\" value=\"1\" aria-invalid=\"false\" \/><\/span><\/span><\/span> He llegit i accepto la <a href=\"https:\/\/mecane.com\/politica-de-privacitat\" target=\"_blank\">pol\u00edtica de privacitat<\/a>\n\t\t<\/p>\n\t<\/div>\n\t<div class=\"col-lg-12 col-md-12 col-sm-12 form-group text-center\">\n\t\t<p><button class=\"theme-btn btn-style-two\"><span class=\"btn-wrap\"><span class=\"text-one\">Enviar missatge<\/span><span class=\"text-two\">Enviar missatge<\/span><\/span><br \/>\n<\/button>\n\t\t<\/p>\n\t<\/div>\n<\/div><div class=\"wpcf7-response-output\" aria-hidden=\"true\"><\/div>\n<\/form>\n<\/div>\n            <\/div>\r\n            <!-- End Default Form -->\r\n                    <\/div>\r\n    <\/section>\r\n  \r\n    \t\t<\/div>\n\t\t\t\t<\/div>\n\t\t\t\t\t<\/div>\n\t\t<\/div>\n\t\t\t\t\t\t\t<\/div>\n\t\t<\/section>\n\t\t\t\t\t\t\t<\/div>\n\t\t","protected":false},"excerpt":{"rendered":"<p>Nostres Rectificats Rectificats serveis Rectificats El rectificat industrial \u00e9s el proc\u00e9s de mecanitzaci\u00f3 per abrasi\u00f3 m\u00e9s com\u00fa i es du a terme en l&#8217;etapa final de la fabricaci\u00f3. Utilizem\u00a0m\u00e0quines de rectificat per eliminar parts de la pe\u00e7a i donar-li forma amb m\u00e9s precisi\u00f3.\u00a0 M\u00c0QUINES per a operacions de rectificat A Mecane tenim una \u00e0mplia gamma [&hellip;]<\/p>\n","protected":false},"author":1,"featured_media":0,"parent":0,"menu_order":0,"comment_status":"closed","ping_status":"closed","template":"tpl-default-elementor.php","meta":[],"yoast_head":"<!-- This site is optimized with the Yoast SEO plugin v20.0 - https:\/\/yoast.com\/wordpress\/plugins\/seo\/ -->\n<title>Rectificats - Mecane<\/title>\n<meta name=\"description\" content=\"Rectificats industrials. s\u2019utilitzen m\u00e0quines de rectificat que eliminen parts de la pe\u00e7a per donar-li forma amb m\u00e9s precisi\u00f3.\" \/>\n<meta name=\"robots\" content=\"index, follow, max-snippet:-1, max-image-preview:large, max-video-preview:-1\" \/>\n<link rel=\"canonical\" href=\"https:\/\/mecane.com\/ca\/rectificats\/\" \/>\n<meta property=\"og:locale\" content=\"ca_ES\" \/>\n<meta property=\"og:type\" content=\"article\" \/>\n<meta property=\"og:title\" content=\"Rectificats - Mecane\" \/>\n<meta property=\"og:description\" content=\"Rectificats industrials. s\u2019utilitzen m\u00e0quines de rectificat que eliminen parts de la pe\u00e7a per donar-li forma amb m\u00e9s precisi\u00f3.\" \/>\n<meta property=\"og:url\" content=\"https:\/\/mecane.com\/ca\/rectificats\/\" \/>\n<meta property=\"og:site_name\" content=\"Mecane\" \/>\n<meta property=\"article:modified_time\" content=\"2023-02-07T12:27:14+00:00\" \/>\n<meta property=\"og:image\" content=\"https:\/\/mecane.com\/wp-content\/uploads\/2023\/01\/rectificat.jpg\" \/>\n<meta name=\"twitter:card\" content=\"summary_large_image\" \/>\n<meta name=\"twitter:label1\" content=\"Temps estimat de lectura\" \/>\n\t<meta name=\"twitter:data1\" content=\"1 minut\" \/>\n<script type=\"application\/ld+json\" class=\"yoast-schema-graph\">{\"@context\":\"https:\/\/schema.org\",\"@graph\":[{\"@type\":\"WebPage\",\"@id\":\"https:\/\/mecane.com\/ca\/rectificats\/\",\"url\":\"https:\/\/mecane.com\/ca\/rectificats\/\",\"name\":\"Rectificats - Mecane\",\"isPartOf\":{\"@id\":\"https:\/\/mecane.com\/ca\/#website\"},\"datePublished\":\"2023-01-26T09:38:50+00:00\",\"dateModified\":\"2023-02-07T12:27:14+00:00\",\"description\":\"Rectificats industrials. s\u2019utilitzen m\u00e0quines de rectificat que eliminen parts de la pe\u00e7a per donar-li forma amb m\u00e9s precisi\u00f3.\",\"breadcrumb\":{\"@id\":\"https:\/\/mecane.com\/ca\/rectificats\/#breadcrumb\"},\"inLanguage\":\"ca\",\"potentialAction\":[{\"@type\":\"ReadAction\",\"target\":[\"https:\/\/mecane.com\/ca\/rectificats\/\"]}]},{\"@type\":\"BreadcrumbList\",\"@id\":\"https:\/\/mecane.com\/ca\/rectificats\/#breadcrumb\",\"itemListElement\":[{\"@type\":\"ListItem\",\"position\":1,\"name\":\"Portada\",\"item\":\"https:\/\/mecane.com\/ca\/mecane\/\"},{\"@type\":\"ListItem\",\"position\":2,\"name\":\"Rectificats\"}]},{\"@type\":\"WebSite\",\"@id\":\"https:\/\/mecane.com\/ca\/#website\",\"url\":\"https:\/\/mecane.com\/ca\/\",\"name\":\"Mecane\",\"description\":\"Especialistas en mecanizaci\u00f3n, Fresado y Rectificaci\u00f3n\",\"publisher\":{\"@id\":\"https:\/\/mecane.com\/ca\/#organization\"},\"alternateName\":\"Mecane\",\"potentialAction\":[{\"@type\":\"SearchAction\",\"target\":{\"@type\":\"EntryPoint\",\"urlTemplate\":\"https:\/\/mecane.com\/ca\/?s={search_term_string}\"},\"query-input\":\"required name=search_term_string\"}],\"inLanguage\":\"ca\"},{\"@type\":\"Organization\",\"@id\":\"https:\/\/mecane.com\/ca\/#organization\",\"name\":\"Mecane\",\"alternateName\":\"Mecane\",\"url\":\"https:\/\/mecane.com\/ca\/\",\"logo\":{\"@type\":\"ImageObject\",\"inLanguage\":\"ca\",\"@id\":\"https:\/\/mecane.com\/ca\/#\/schema\/logo\/image\/\",\"url\":\"https:\/\/mecane.com\/wp-content\/uploads\/2023\/01\/logo-removebg-preview.png\",\"contentUrl\":\"https:\/\/mecane.com\/wp-content\/uploads\/2023\/01\/logo-removebg-preview.png\",\"width\":255,\"height\":105,\"caption\":\"Mecane\"},\"image\":{\"@id\":\"https:\/\/mecane.com\/ca\/#\/schema\/logo\/image\/\"},\"sameAs\":[\"https:\/\/www.instagram.com\/mecanesl\/\"]}]}<\/script>\n<!-- \/ Yoast SEO plugin. -->","yoast_head_json":{"title":"Rectificats - Mecane","description":"Rectificats industrials. s\u2019utilitzen m\u00e0quines de rectificat que eliminen parts de la pe\u00e7a per donar-li forma amb m\u00e9s precisi\u00f3.","robots":{"index":"index","follow":"follow","max-snippet":"max-snippet:-1","max-image-preview":"max-image-preview:large","max-video-preview":"max-video-preview:-1"},"canonical":"https:\/\/mecane.com\/ca\/rectificats\/","og_locale":"ca_ES","og_type":"article","og_title":"Rectificats - Mecane","og_description":"Rectificats industrials. s\u2019utilitzen m\u00e0quines de rectificat que eliminen parts de la pe\u00e7a per donar-li forma amb m\u00e9s precisi\u00f3.","og_url":"https:\/\/mecane.com\/ca\/rectificats\/","og_site_name":"Mecane","article_modified_time":"2023-02-07T12:27:14+00:00","og_image":[{"url":"https:\/\/mecane.com\/wp-content\/uploads\/2023\/01\/rectificat.jpg"}],"twitter_card":"summary_large_image","twitter_misc":{"Temps estimat de lectura":"1 minut"},"schema":{"@context":"https:\/\/schema.org","@graph":[{"@type":"WebPage","@id":"https:\/\/mecane.com\/ca\/rectificats\/","url":"https:\/\/mecane.com\/ca\/rectificats\/","name":"Rectificats - Mecane","isPartOf":{"@id":"https:\/\/mecane.com\/ca\/#website"},"datePublished":"2023-01-26T09:38:50+00:00","dateModified":"2023-02-07T12:27:14+00:00","description":"Rectificats industrials. s\u2019utilitzen m\u00e0quines de rectificat que eliminen parts de la pe\u00e7a per donar-li forma amb m\u00e9s precisi\u00f3.","breadcrumb":{"@id":"https:\/\/mecane.com\/ca\/rectificats\/#breadcrumb"},"inLanguage":"ca","potentialAction":[{"@type":"ReadAction","target":["https:\/\/mecane.com\/ca\/rectificats\/"]}]},{"@type":"BreadcrumbList","@id":"https:\/\/mecane.com\/ca\/rectificats\/#breadcrumb","itemListElement":[{"@type":"ListItem","position":1,"name":"Portada","item":"https:\/\/mecane.com\/ca\/mecane\/"},{"@type":"ListItem","position":2,"name":"Rectificats"}]},{"@type":"WebSite","@id":"https:\/\/mecane.com\/ca\/#website","url":"https:\/\/mecane.com\/ca\/","name":"Mecane","description":"Especialistas en mecanizaci\u00f3n, Fresado y Rectificaci\u00f3n","publisher":{"@id":"https:\/\/mecane.com\/ca\/#organization"},"alternateName":"Mecane","potentialAction":[{"@type":"SearchAction","target":{"@type":"EntryPoint","urlTemplate":"https:\/\/mecane.com\/ca\/?s={search_term_string}"},"query-input":"required name=search_term_string"}],"inLanguage":"ca"},{"@type":"Organization","@id":"https:\/\/mecane.com\/ca\/#organization","name":"Mecane","alternateName":"Mecane","url":"https:\/\/mecane.com\/ca\/","logo":{"@type":"ImageObject","inLanguage":"ca","@id":"https:\/\/mecane.com\/ca\/#\/schema\/logo\/image\/","url":"https:\/\/mecane.com\/wp-content\/uploads\/2023\/01\/logo-removebg-preview.png","contentUrl":"https:\/\/mecane.com\/wp-content\/uploads\/2023\/01\/logo-removebg-preview.png","width":255,"height":105,"caption":"Mecane"},"image":{"@id":"https:\/\/mecane.com\/ca\/#\/schema\/logo\/image\/"},"sameAs":["https:\/\/www.instagram.com\/mecanesl\/"]}]}},"_links":{"self":[{"href":"https:\/\/mecane.com\/ca\/wp-json\/wp\/v2\/pages\/1310"}],"collection":[{"href":"https:\/\/mecane.com\/ca\/wp-json\/wp\/v2\/pages"}],"about":[{"href":"https:\/\/mecane.com\/ca\/wp-json\/wp\/v2\/types\/page"}],"author":[{"embeddable":true,"href":"https:\/\/mecane.com\/ca\/wp-json\/wp\/v2\/users\/1"}],"replies":[{"embeddable":true,"href":"https:\/\/mecane.com\/ca\/wp-json\/wp\/v2\/comments?post=1310"}],"version-history":[{"count":23,"href":"https:\/\/mecane.com\/ca\/wp-json\/wp\/v2\/pages\/1310\/revisions"}],"predecessor-version":[{"id":1952,"href":"https:\/\/mecane.com\/ca\/wp-json\/wp\/v2\/pages\/1310\/revisions\/1952"}],"wp:attachment":[{"href":"https:\/\/mecane.com\/ca\/wp-json\/wp\/v2\/media?parent=1310"}],"curies":[{"name":"wp","href":"https:\/\/api.w.org\/{rel}","templated":true}]}}