{"id":1343,"date":"2023-01-26T09:52:00","date_gmt":"2023-01-26T09:52:00","guid":{"rendered":"https:\/\/mecane.com\/?page_id=1343"},"modified":"2023-01-30T08:33:03","modified_gmt":"2023-01-30T08:33:03","slug":"politica-de-cookies","status":"publish","type":"page","link":"https:\/\/mecane.com\/ca\/politica-de-cookies\/","title":{"rendered":"Pol\u00edtica de cookies"},"content":{"rendered":"\t\t<div data-elementor-type=\"wp-page\" data-elementor-id=\"1343\" class=\"elementor elementor-1343\">\n\t\t\t\t\t\t\t\t\t<section class=\"elementor-section elementor-top-section elementor-element elementor-element-ab88860 elementor-hidden-desktop elementor-hidden-tablet elementor-hidden-mobile elementor-section-boxed elementor-section-height-default elementor-section-height-default\" data-id=\"ab88860\" data-element_type=\"section\">\n\t\t\t\t\t\t<div class=\"elementor-container elementor-column-gap-default\">\n\t\t\t\t\t<div class=\"elementor-column elementor-col-100 elementor-top-column elementor-element elementor-element-a9236cf\" data-id=\"a9236cf\" data-element_type=\"column\">\n\t\t\t<div class=\"elementor-widget-wrap elementor-element-populated\">\n\t\t\t\t\t\t\t\t<div class=\"elementor-element elementor-element-b743f78 elementor-widget elementor-widget-text-editor\" data-id=\"b743f78\" data-element_type=\"widget\" data-widget_type=\"text-editor.default\">\n\t\t\t\t<div class=\"elementor-widget-container\">\n\t\t\t<style>\/*! elementor - v3.10.1 - 17-01-2023 *\/\n.elementor-widget-text-editor.elementor-drop-cap-view-stacked .elementor-drop-cap{background-color:#818a91;color:#fff}.elementor-widget-text-editor.elementor-drop-cap-view-framed .elementor-drop-cap{color:#818a91;border:3px solid;background-color:transparent}.elementor-widget-text-editor:not(.elementor-drop-cap-view-default) .elementor-drop-cap{margin-top:8px}.elementor-widget-text-editor:not(.elementor-drop-cap-view-default) .elementor-drop-cap-letter{width:1em;height:1em}.elementor-widget-text-editor .elementor-drop-cap{float:left;text-align:center;line-height:1;font-size:50px}.elementor-widget-text-editor .elementor-drop-cap-letter{display:inline-block}<\/style>\t\t\t\t<h2>Aquesta es la Pol\u00edtica de cookies<\/h2><p>Pol\u00edtica de cookies Pol\u00edtica de cookies<\/p><p><a href=\"https:\/\/mecane.com\/2023\/serveis\/\">serveis mecane<\/a><\/p>\t\t\t\t\t\t<\/div>\n\t\t\t\t<\/div>\n\t\t\t\t<div class=\"elementor-element elementor-element-d119144 elementor-widget elementor-widget-image\" data-id=\"d119144\" data-element_type=\"widget\" data-widget_type=\"image.default\">\n\t\t\t\t<div class=\"elementor-widget-container\">\n\t\t\t<style>\/*! elementor - v3.10.1 - 17-01-2023 *\/\n.elementor-widget-image{text-align:center}.elementor-widget-image a{display:inline-block}.elementor-widget-image a img[src$=\".svg\"]{width:48px}.elementor-widget-image img{vertical-align:middle;display:inline-block}<\/style>\t\t\t\t\t\t\t\t\t\t\t\t<img decoding=\"async\" width=\"150\" height=\"150\" src=\"https:\/\/mecane.com\/wp-content\/uploads\/2023\/01\/candado-150x150.png\" class=\"attachment-thumbnail size-thumbnail wp-image-1434\" alt=\"Pol\u00edtica de cookies\" loading=\"lazy\" srcset=\"https:\/\/mecane.com\/wp-content\/uploads\/2023\/01\/candado-150x150.png 150w, https:\/\/mecane.com\/wp-content\/uploads\/2023\/01\/candado-300x300.png 300w, https:\/\/mecane.com\/wp-content\/uploads\/2023\/01\/candado-94x94.png 94w, https:\/\/mecane.com\/wp-content\/uploads\/2023\/01\/candado-90x90.png 90w, https:\/\/mecane.com\/wp-content\/uploads\/2023\/01\/candado-80x80.png 80w, https:\/\/mecane.com\/wp-content\/uploads\/2023\/01\/candado.png 512w\" sizes=\"(max-width: 150px) 100vw, 150px\" \/>\t\t\t\t\t\t\t\t\t\t\t\t\t\t\t<\/div>\n\t\t\t\t<\/div>\n\t\t\t\t\t<\/div>\n\t\t<\/div>\n\t\t\t\t\t\t\t<\/div>\n\t\t<\/section>\n\t\t\t\t<section class=\"elementor-section elementor-top-section elementor-element elementor-element-7dcf70ed elementor-section-boxed elementor-section-height-default elementor-section-height-default\" data-id=\"7dcf70ed\" data-element_type=\"section\">\n\t\t\t\t\t\t<div class=\"elementor-container elementor-column-gap-default\">\n\t\t\t\t\t<div class=\"elementor-column elementor-col-100 elementor-top-column elementor-element elementor-element-7c0ff14c\" data-id=\"7c0ff14c\" data-element_type=\"column\">\n\t\t\t<div class=\"elementor-widget-wrap elementor-element-populated\">\n\t\t\t\t\t\t\t\t<div class=\"elementor-element elementor-element-77a4385b elementor-widget elementor-widget-text-editor\" data-id=\"77a4385b\" data-element_type=\"widget\" data-widget_type=\"text-editor.default\">\n\t\t\t\t<div class=\"elementor-widget-container\">\n\t\t\t\t\t\t\t<p><style>\n    a.cky-banner-element {\n        padding: 8px 30px;\n        background: #F8F9FA;\n        color: #858A8F;\n        border: 1px solid #DEE2E6;\n        box-sizing: border-box;\n        border-radius: 2px;\n        cursor: pointer;\n}\n<\/style><\/p>\n<p>Data d&#8217;entrada en vigor: 26-gen-2023 <br \/>\u00daltima actualitzaci\u00f3: 26-gen-2023<\/p>\n<p>\u00a0<\/p>\n<h5>Qu\u00e8 s\u00f3n les cookies?<\/h5>\n<div class=\"cookie-policy-p\">\n<p>Aquesta Pol\u00edtica de galetes explica qu\u00e8 s\u00f3n les galetes i com les fem servir, els tipus de galetes que fem servir, \u00e9s a dir, la informaci\u00f3 que recopilem mitjan\u00e7ant galetes i com s&#8217;utilitza aquesta informaci\u00f3 i com gestionar la configuraci\u00f3 de les galetes.<\/p>\n<p>Les galetes s\u00f3n petits fitxers de text que s&#8217;utilitzen per emmagatzemar petites peces d&#8217;informaci\u00f3. S&#8217;emmagatzemen al vostre dispositiu quan el lloc web es carrega al vostre navegador. Aquestes galetes ens ajuden a fer que el lloc web funcioni correctament, a fer-lo m\u00e9s segur, a oferir una millor experi\u00e8ncia d&#8217;usuari i a entendre com funciona el lloc web i a analitzar qu\u00e8 funciona i on cal millorar.<\/p>\n<\/div>\n<p>\u00a0<\/p>\n<h5>Com fem servir les cookies?<\/h5>\n<div class=\"cookie-policy-p\">\n<p>Com la majoria dels serveis en l\u00ednia, el nostre lloc web utilitza cookies pr\u00f2pies i de tercers per a diversos prop\u00f2sits. Les galetes pr\u00f2pies s\u00f3n b\u00e0sicament necess\u00e0ries perqu\u00e8 el lloc web funcioni correctament i no recullen cap de les vostres dades d&#8217;identificaci\u00f3 personal.<\/p>\n<p>Les galetes de tercers que s&#8217;utilitzen al nostre lloc web s\u00f3n principalment per entendre com es el rendiment del lloc web, com interactueu amb el nostre lloc web, mantenint els nostres serveis segurs, oferint anuncis que us siguin rellevants i, tot plegat, us proporcioneu una experi\u00e8ncia d&#8217;usuari millor i millorada i us ajudi a accelerar les vostres futures interaccions amb el nostre lloc web.<\/p>\n<\/div>\n<p>\u00a0<\/p>\n<h5>Tipus de cookies que fem servir<\/h5>\n<div class=\"cky-audit-table-element\">\u00a0<\/div>\n<p>\u00a0<\/p>\n<h5 style=\"margin-bottom: 20px;\">Gestionar les prefer\u00e8ncies de galetes<\/h5>\n<p><a class=\"cky-banner-element\">Configuraci\u00f3 de galetes<\/a> <\/p>\n<div>\n<p>Podeu canviar les vostres prefer\u00e8ncies de galetes en qualsevol moment fent clic al bot\u00f3 anterior. Aix\u00f2 us permetr\u00e0 revisar el b\u00e0ner de consentiment de les galetes i canviar les vostres prefer\u00e8ncies o retirar el vostre consentiment immediatament.<\/p>\n<p>A m\u00e9s d&#8217;aix\u00f2, els diferents navegadors ofereixen diferents m\u00e8todes per bloquejar i eliminar les cookies utilitzades pels llocs web. Podeu canviar la configuraci\u00f3 del vostre navegador per bloquejar\/eliminar les cookies. A continuaci\u00f3 es mostren els enlla\u00e7os als documents d&#8217;assist\u00e8ncia sobre com gestionar i eliminar les galetes dels principals navegadors web.<\/p>\n<p>Chrome: <a href=\"https:\/\/support.google.com\/accounts\/answer\/32050\" target=\"_blank\" rel=\"noopener\">https:\/\/support.google.com\/accounts\/answer\/32050<\/a><\/p>\n<p>Safari: <a href=\"https:\/\/support.apple.com\/en-in\/guide\/safari\/sfri11471\/mac\" target=\"_blank\" rel=\"noopener\">https:\/\/support.apple.com\/en-in\/guide\/safari\/sfri11471\/mac<\/a><\/p>\n<p>Firefox: <a href=\"https:\/\/support.mozilla.org\/en-US\/kb\/clear-cookies-and-site-data-firefox?redirectslug=delete-cookies-remove-info-websites-stored&amp;redirectlocale=en-US\" target=\"_blank\" rel=\"noopener\">https:\/\/support.mozilla.org\/en-US\/kb\/clear-cookies-and-site-data-firefox?redirectslug=delete-cookies-remove-info-websites-stored&amp;redirectlocale=en-US<\/a><\/p>\n<p>Internet Explorer: <a href=\"https:\/\/support.microsoft.com\/en-us\/topic\/how-to-delete-cookie-files-in-internet-explorer-bca9446f-d873-78de-77ba-d42645fa52fc\" target=\"_blank\" rel=\"noopener\">https:\/\/support.microsoft.com\/en-us\/topic\/how-to-delete-cookie-files-in-internet-explorer-bca9446f-d873-78de-77ba-d42645fa52fc<\/a><\/p>\n<p>Si utilitzeu un altre navegador web, visiteu els documents de suport oficials del vostre navegador.<\/p>\n<\/div>\n<p>\u00a0<\/p>\t\t\t\t\t\t<\/div>\n\t\t\t\t<\/div>\n\t\t\t\t\t<\/div>\n\t\t<\/div>\n\t\t\t\t\t\t\t<\/div>\n\t\t<\/section>\n\t\t\t\t\t\t\t<\/div>\n\t\t","protected":false},"excerpt":{"rendered":"<p>Aquesta es la Pol\u00edtica de cookies Pol\u00edtica de cookies Pol\u00edtica de cookies serveis mecane Data d&#8217;entrada en vigor: 26-gen-2023 \u00daltima actualitzaci\u00f3: 26-gen-2023 \u00a0 Qu\u00e8 s\u00f3n les cookies? Aquesta Pol\u00edtica de galetes explica qu\u00e8 s\u00f3n les galetes i com les fem servir, els tipus de galetes que fem servir, \u00e9s a dir, la informaci\u00f3 que recopilem [&hellip;]<\/p>\n","protected":false},"author":1,"featured_media":0,"parent":0,"menu_order":0,"comment_status":"closed","ping_status":"closed","template":"tpl-default-elementor.php","meta":[],"yoast_head":"<!-- This site is optimized with the Yoast SEO plugin v20.0 - https:\/\/yoast.com\/wordpress\/plugins\/seo\/ -->\n<title>Pol\u00edtica de cookies - Mecane<\/title>\n<meta name=\"description\" content=\"Pol\u00edtica de cookies. Explica qu\u00e8 s\u00f3n les galetes i com les fem servir, els tipus de galetes que fem servir i com es gestiona la configuraci\u00f3.\" \/>\n<meta name=\"robots\" content=\"index, follow, max-snippet:-1, max-image-preview:large, max-video-preview:-1\" \/>\n<link rel=\"canonical\" href=\"https:\/\/mecane.com\/ca\/politica-de-cookies\/\" \/>\n<meta property=\"og:locale\" content=\"ca_ES\" \/>\n<meta property=\"og:type\" content=\"article\" \/>\n<meta property=\"og:title\" content=\"Pol\u00edtica de cookies - Mecane\" \/>\n<meta property=\"og:description\" content=\"Pol\u00edtica de cookies. Explica qu\u00e8 s\u00f3n les galetes i com les fem servir, els tipus de galetes que fem servir i com es gestiona la configuraci\u00f3.\" \/>\n<meta property=\"og:url\" content=\"https:\/\/mecane.com\/ca\/politica-de-cookies\/\" \/>\n<meta property=\"og:site_name\" content=\"Mecane\" \/>\n<meta property=\"article:modified_time\" content=\"2023-01-30T08:33:03+00:00\" \/>\n<meta property=\"og:image\" content=\"https:\/\/mecane.com\/wp-content\/uploads\/2023\/01\/candado-150x150.png\" \/>\n<meta name=\"twitter:card\" content=\"summary_large_image\" \/>\n<meta name=\"twitter:label1\" content=\"Temps estimat de lectura\" \/>\n\t<meta name=\"twitter:data1\" content=\"3 minuts\" \/>\n<script type=\"application\/ld+json\" class=\"yoast-schema-graph\">{\"@context\":\"https:\/\/schema.org\",\"@graph\":[{\"@type\":\"WebPage\",\"@id\":\"https:\/\/mecane.com\/ca\/politica-de-cookies\/\",\"url\":\"https:\/\/mecane.com\/ca\/politica-de-cookies\/\",\"name\":\"Pol\u00edtica de cookies - Mecane\",\"isPartOf\":{\"@id\":\"https:\/\/mecane.com\/ca\/#website\"},\"datePublished\":\"2023-01-26T09:52:00+00:00\",\"dateModified\":\"2023-01-30T08:33:03+00:00\",\"description\":\"Pol\u00edtica de cookies. Explica qu\u00e8 s\u00f3n les galetes i com les fem servir, els tipus de galetes que fem servir i com es gestiona la configuraci\u00f3.\",\"breadcrumb\":{\"@id\":\"https:\/\/mecane.com\/ca\/politica-de-cookies\/#breadcrumb\"},\"inLanguage\":\"ca\",\"potentialAction\":[{\"@type\":\"ReadAction\",\"target\":[\"https:\/\/mecane.com\/ca\/politica-de-cookies\/\"]}]},{\"@type\":\"BreadcrumbList\",\"@id\":\"https:\/\/mecane.com\/ca\/politica-de-cookies\/#breadcrumb\",\"itemListElement\":[{\"@type\":\"ListItem\",\"position\":1,\"name\":\"Portada\",\"item\":\"https:\/\/mecane.com\/ca\/mecane\/\"},{\"@type\":\"ListItem\",\"position\":2,\"name\":\"Pol\u00edtica de cookies\"}]},{\"@type\":\"WebSite\",\"@id\":\"https:\/\/mecane.com\/ca\/#website\",\"url\":\"https:\/\/mecane.com\/ca\/\",\"name\":\"Mecane\",\"description\":\"Especialistas en mecanizaci\u00f3n, Fresado y Rectificaci\u00f3n\",\"publisher\":{\"@id\":\"https:\/\/mecane.com\/ca\/#organization\"},\"alternateName\":\"Mecane\",\"potentialAction\":[{\"@type\":\"SearchAction\",\"target\":{\"@type\":\"EntryPoint\",\"urlTemplate\":\"https:\/\/mecane.com\/ca\/?s={search_term_string}\"},\"query-input\":\"required name=search_term_string\"}],\"inLanguage\":\"ca\"},{\"@type\":\"Organization\",\"@id\":\"https:\/\/mecane.com\/ca\/#organization\",\"name\":\"Mecane\",\"alternateName\":\"Mecane\",\"url\":\"https:\/\/mecane.com\/ca\/\",\"logo\":{\"@type\":\"ImageObject\",\"inLanguage\":\"ca\",\"@id\":\"https:\/\/mecane.com\/ca\/#\/schema\/logo\/image\/\",\"url\":\"https:\/\/mecane.com\/wp-content\/uploads\/2023\/01\/logo-removebg-preview.png\",\"contentUrl\":\"https:\/\/mecane.com\/wp-content\/uploads\/2023\/01\/logo-removebg-preview.png\",\"width\":255,\"height\":105,\"caption\":\"Mecane\"},\"image\":{\"@id\":\"https:\/\/mecane.com\/ca\/#\/schema\/logo\/image\/\"},\"sameAs\":[\"https:\/\/www.instagram.com\/mecanesl\/\"]}]}<\/script>\n<!-- \/ Yoast SEO plugin. -->","yoast_head_json":{"title":"Pol\u00edtica de cookies - Mecane","description":"Pol\u00edtica de cookies. Explica qu\u00e8 s\u00f3n les galetes i com les fem servir, els tipus de galetes que fem servir i com es gestiona la configuraci\u00f3.","robots":{"index":"index","follow":"follow","max-snippet":"max-snippet:-1","max-image-preview":"max-image-preview:large","max-video-preview":"max-video-preview:-1"},"canonical":"https:\/\/mecane.com\/ca\/politica-de-cookies\/","og_locale":"ca_ES","og_type":"article","og_title":"Pol\u00edtica de cookies - Mecane","og_description":"Pol\u00edtica de cookies. Explica qu\u00e8 s\u00f3n les galetes i com les fem servir, els tipus de galetes que fem servir i com es gestiona la configuraci\u00f3.","og_url":"https:\/\/mecane.com\/ca\/politica-de-cookies\/","og_site_name":"Mecane","article_modified_time":"2023-01-30T08:33:03+00:00","og_image":[{"url":"https:\/\/mecane.com\/wp-content\/uploads\/2023\/01\/candado-150x150.png"}],"twitter_card":"summary_large_image","twitter_misc":{"Temps estimat de lectura":"3 minuts"},"schema":{"@context":"https:\/\/schema.org","@graph":[{"@type":"WebPage","@id":"https:\/\/mecane.com\/ca\/politica-de-cookies\/","url":"https:\/\/mecane.com\/ca\/politica-de-cookies\/","name":"Pol\u00edtica de cookies - Mecane","isPartOf":{"@id":"https:\/\/mecane.com\/ca\/#website"},"datePublished":"2023-01-26T09:52:00+00:00","dateModified":"2023-01-30T08:33:03+00:00","description":"Pol\u00edtica de cookies. Explica qu\u00e8 s\u00f3n les galetes i com les fem servir, els tipus de galetes que fem servir i com es gestiona la configuraci\u00f3.","breadcrumb":{"@id":"https:\/\/mecane.com\/ca\/politica-de-cookies\/#breadcrumb"},"inLanguage":"ca","potentialAction":[{"@type":"ReadAction","target":["https:\/\/mecane.com\/ca\/politica-de-cookies\/"]}]},{"@type":"BreadcrumbList","@id":"https:\/\/mecane.com\/ca\/politica-de-cookies\/#breadcrumb","itemListElement":[{"@type":"ListItem","position":1,"name":"Portada","item":"https:\/\/mecane.com\/ca\/mecane\/"},{"@type":"ListItem","position":2,"name":"Pol\u00edtica de cookies"}]},{"@type":"WebSite","@id":"https:\/\/mecane.com\/ca\/#website","url":"https:\/\/mecane.com\/ca\/","name":"Mecane","description":"Especialistas en mecanizaci\u00f3n, Fresado y Rectificaci\u00f3n","publisher":{"@id":"https:\/\/mecane.com\/ca\/#organization"},"alternateName":"Mecane","potentialAction":[{"@type":"SearchAction","target":{"@type":"EntryPoint","urlTemplate":"https:\/\/mecane.com\/ca\/?s={search_term_string}"},"query-input":"required name=search_term_string"}],"inLanguage":"ca"},{"@type":"Organization","@id":"https:\/\/mecane.com\/ca\/#organization","name":"Mecane","alternateName":"Mecane","url":"https:\/\/mecane.com\/ca\/","logo":{"@type":"ImageObject","inLanguage":"ca","@id":"https:\/\/mecane.com\/ca\/#\/schema\/logo\/image\/","url":"https:\/\/mecane.com\/wp-content\/uploads\/2023\/01\/logo-removebg-preview.png","contentUrl":"https:\/\/mecane.com\/wp-content\/uploads\/2023\/01\/logo-removebg-preview.png","width":255,"height":105,"caption":"Mecane"},"image":{"@id":"https:\/\/mecane.com\/ca\/#\/schema\/logo\/image\/"},"sameAs":["https:\/\/www.instagram.com\/mecanesl\/"]}]}},"_links":{"self":[{"href":"https:\/\/mecane.com\/ca\/wp-json\/wp\/v2\/pages\/1343"}],"collection":[{"href":"https:\/\/mecane.com\/ca\/wp-json\/wp\/v2\/pages"}],"about":[{"href":"https:\/\/mecane.com\/ca\/wp-json\/wp\/v2\/types\/page"}],"author":[{"embeddable":true,"href":"https:\/\/mecane.com\/ca\/wp-json\/wp\/v2\/users\/1"}],"replies":[{"embeddable":true,"href":"https:\/\/mecane.com\/ca\/wp-json\/wp\/v2\/comments?post=1343"}],"version-history":[{"count":20,"href":"https:\/\/mecane.com\/ca\/wp-json\/wp\/v2\/pages\/1343\/revisions"}],"predecessor-version":[{"id":1621,"href":"https:\/\/mecane.com\/ca\/wp-json\/wp\/v2\/pages\/1343\/revisions\/1621"}],"wp:attachment":[{"href":"https:\/\/mecane.com\/ca\/wp-json\/wp\/v2\/media?parent=1343"}],"curies":[{"name":"wp","href":"https:\/\/api.w.org\/{rel}","templated":true}]}}