{"id":1986,"date":"2023-02-15T13:45:25","date_gmt":"2023-02-15T13:45:25","guid":{"rendered":"https:\/\/mecane.com\/?page_id=1986"},"modified":"2023-02-15T13:53:12","modified_gmt":"2023-02-15T13:53:12","slug":"declaracio-daccessibilitat","status":"publish","type":"page","link":"https:\/\/mecane.com\/ca\/declaracio-daccessibilitat\/","title":{"rendered":"Declaraci\u00f3 d\u2019accessibilitat"},"content":{"rendered":"\t\t<div data-elementor-type=\"wp-page\" data-elementor-id=\"1986\" class=\"elementor elementor-1986 elementor-1985\">\n\t\t\t\t\t\t\t\t\t<section class=\"elementor-section elementor-top-section elementor-element elementor-element-57eef20 elementor-hidden-desktop elementor-hidden-tablet elementor-hidden-mobile elementor-section-boxed elementor-section-height-default elementor-section-height-default\" data-id=\"57eef20\" data-element_type=\"section\">\n\t\t\t\t\t\t<div class=\"elementor-container elementor-column-gap-default\">\n\t\t\t\t\t<div class=\"elementor-column elementor-col-100 elementor-top-column elementor-element elementor-element-bf3bec5\" data-id=\"bf3bec5\" data-element_type=\"column\">\n\t\t\t<div class=\"elementor-widget-wrap elementor-element-populated\">\n\t\t\t\t\t\t\t\t<div class=\"elementor-element elementor-element-b02c633 elementor-widget elementor-widget-text-editor\" data-id=\"b02c633\" data-element_type=\"widget\" data-widget_type=\"text-editor.default\">\n\t\t\t\t<div class=\"elementor-widget-container\">\n\t\t\t<style>\/*! elementor - v3.10.1 - 17-01-2023 *\/\n.elementor-widget-text-editor.elementor-drop-cap-view-stacked .elementor-drop-cap{background-color:#818a91;color:#fff}.elementor-widget-text-editor.elementor-drop-cap-view-framed .elementor-drop-cap{color:#818a91;border:3px solid;background-color:transparent}.elementor-widget-text-editor:not(.elementor-drop-cap-view-default) .elementor-drop-cap{margin-top:8px}.elementor-widget-text-editor:not(.elementor-drop-cap-view-default) .elementor-drop-cap-letter{width:1em;height:1em}.elementor-widget-text-editor .elementor-drop-cap{float:left;text-align:center;line-height:1;font-size:50px}.elementor-widget-text-editor .elementor-drop-cap-letter{display:inline-block}<\/style>\t\t\t\t<h2>Consulta Av\u00eds legal Mecane<\/h2>\n<p>aquest \u00e9s Av\u00eds legal Mecane, Av\u00eds legal Mecane, Av\u00eds legal Mecane, Av\u00eds legal Mecane Av\u00eds legal Mecane, Av\u00eds legal Mecane<\/p>\t\t\t\t\t\t<\/div>\n\t\t\t\t<\/div>\n\t\t\t\t<div class=\"elementor-element elementor-element-72a5b82 elementor-widget elementor-widget-image\" data-id=\"72a5b82\" data-element_type=\"widget\" data-widget_type=\"image.default\">\n\t\t\t\t<div class=\"elementor-widget-container\">\n\t\t\t<style>\/*! elementor - v3.10.1 - 17-01-2023 *\/\n.elementor-widget-image{text-align:center}.elementor-widget-image a{display:inline-block}.elementor-widget-image a img[src$=\".svg\"]{width:48px}.elementor-widget-image img{vertical-align:middle;display:inline-block}<\/style>\t\t\t\t\t\t\t\t\t\t\t\t<img decoding=\"async\" width=\"150\" height=\"150\" src=\"https:\/\/mecane.com\/wp-content\/uploads\/2023\/01\/legal-150x150.png\" class=\"attachment-thumbnail size-thumbnail wp-image-1421\" alt=\"Av\u00eds legal\" loading=\"lazy\" srcset=\"https:\/\/mecane.com\/wp-content\/uploads\/2023\/01\/legal-150x150.png 150w, https:\/\/mecane.com\/wp-content\/uploads\/2023\/01\/legal-300x300.png 300w, https:\/\/mecane.com\/wp-content\/uploads\/2023\/01\/legal-94x94.png 94w, https:\/\/mecane.com\/wp-content\/uploads\/2023\/01\/legal-90x90.png 90w, https:\/\/mecane.com\/wp-content\/uploads\/2023\/01\/legal-80x80.png 80w, https:\/\/mecane.com\/wp-content\/uploads\/2023\/01\/legal.png 512w\" sizes=\"(max-width: 150px) 100vw, 150px\" \/>\t\t\t\t\t\t\t\t\t\t\t\t\t\t\t<\/div>\n\t\t\t\t<\/div>\n\t\t\t\t\t<\/div>\n\t\t<\/div>\n\t\t\t\t\t\t\t<\/div>\n\t\t<\/section>\n\t\t\t\t<section class=\"elementor-section elementor-top-section elementor-element elementor-element-7dcf70ed elementor-section-boxed elementor-section-height-default elementor-section-height-default\" data-id=\"7dcf70ed\" data-element_type=\"section\">\n\t\t\t\t\t\t<div class=\"elementor-container elementor-column-gap-default\">\n\t\t\t\t\t<div class=\"elementor-column elementor-col-100 elementor-top-column elementor-element elementor-element-7c0ff14c\" data-id=\"7c0ff14c\" data-element_type=\"column\">\n\t\t\t<div class=\"elementor-widget-wrap elementor-element-populated\">\n\t\t\t\t\t\t\t\t<div class=\"elementor-element elementor-element-77a4385b elementor-widget elementor-widget-text-editor\" data-id=\"77a4385b\" data-element_type=\"widget\" data-widget_type=\"text-editor.default\">\n\t\t\t\t<div class=\"elementor-widget-container\">\n\t\t\t\t\t\t\tVolem que tothom que visiti el web de Mecane se senti benvingut i trobi l\u2019experi\u00e8ncia gratificant.\n\nQu\u00e8 estem fent?\nPer ajudar-nos a fer del web de Mecane un lloc positiu per a tothom, hem estat utilitzant les Directrius d\u2019accessibilitat al contingut web (WCAG) 2.1. Aquestes directrius expliquen com fer que el contingut web sigui m\u00e9s accessible per a persones amb discapacitat i f\u00e0cil d\u2019utilitzar per a tothom.\n\nLes directrius tenen tres nivells d\u2019accessibilitat (A, AA i AAA). Hem escollit el nivell AA com a objectiu del web de Mecane.\n\nCom ho fem?\nHem treballat molt al web de Mecane i creiem que hem assolit el nostre objectiu d\u2019accessibilitat de nivell AA. Supervisem el lloc web peri\u00f2dicament per mantenir-ho, per\u00f2 si trobeu algun problema, poseu-vos en contacte.\n\nFeu-nos saber qu\u00e8 us sembla\nSi us ha agradat fer servir la web de Mecane, o si heu tingut problemes amb alguna part d\u2019ella, poseu-vos en contacte. Ens agradaria rebre not\u00edcies vostres de qualsevol de les maneres seg\u00fcents:\n\nenvia\u2019ns un correu electr\u00f2nic a info@matarogroc.com\ntruca\u2019ns al 937903615\nposa\u2019t en contacte a <a href=\"https:\/\/mecane.com\/ca\/contacte\/\">https:\/\/mecane.com\/ca\/contacte\/<\/a>\t\t\t\t\t\t<\/div>\n\t\t\t\t<\/div>\n\t\t\t\t\t<\/div>\n\t\t<\/div>\n\t\t\t\t\t\t\t<\/div>\n\t\t<\/section>\n\t\t\t\t\t\t\t<\/div>\n\t\t","protected":false},"excerpt":{"rendered":"<p>Consulta Av\u00eds legal Mecane aquest \u00e9s Av\u00eds legal Mecane, Av\u00eds legal Mecane, Av\u00eds legal Mecane, Av\u00eds legal Mecane Av\u00eds legal Mecane, Av\u00eds legal Mecane Volem que tothom que visiti el web de Mecane se senti benvingut i trobi l\u2019experi\u00e8ncia gratificant. Qu\u00e8 estem fent? Per ajudar-nos a fer del web de Mecane un lloc positiu per [&hellip;]<\/p>\n","protected":false},"author":1,"featured_media":0,"parent":0,"menu_order":0,"comment_status":"closed","ping_status":"closed","template":"tpl-default-elementor.php","meta":[],"yoast_head":"<!-- This site is optimized with the Yoast SEO plugin v20.0 - https:\/\/yoast.com\/wordpress\/plugins\/seo\/ -->\n<title>Declaraci\u00f3 d\u2019accessibilitat - Mecane<\/title>\n<meta name=\"description\" content=\"Av\u00eds legal Mecane. L&#039;objecte de les presents Av\u00eds legal \u00e9s regular l&#039;acc\u00e9s i la utilitzaci\u00f3 de la p\u00e0gina web mecane.com\" \/>\n<meta name=\"robots\" content=\"index, follow, max-snippet:-1, max-image-preview:large, max-video-preview:-1\" \/>\n<link rel=\"canonical\" href=\"https:\/\/mecane.com\/ca\/declaracio-daccessibilitat\/\" \/>\n<meta property=\"og:locale\" content=\"ca_ES\" \/>\n<meta property=\"og:type\" content=\"article\" \/>\n<meta property=\"og:title\" content=\"Declaraci\u00f3 d\u2019accessibilitat - Mecane\" \/>\n<meta property=\"og:description\" content=\"Av\u00eds legal Mecane. L&#039;objecte de les presents Av\u00eds legal \u00e9s regular l&#039;acc\u00e9s i la utilitzaci\u00f3 de la p\u00e0gina web mecane.com\" \/>\n<meta property=\"og:url\" content=\"https:\/\/mecane.com\/ca\/declaracio-daccessibilitat\/\" \/>\n<meta property=\"og:site_name\" content=\"Mecane\" \/>\n<meta property=\"article:modified_time\" content=\"2023-02-15T13:53:12+00:00\" \/>\n<meta property=\"og:image\" content=\"https:\/\/mecane.com\/wp-content\/uploads\/2023\/01\/legal-150x150.png\" \/>\n<meta name=\"twitter:card\" content=\"summary_large_image\" \/>\n<meta name=\"twitter:label1\" content=\"Temps estimat de lectura\" \/>\n\t<meta name=\"twitter:data1\" content=\"2 minuts\" \/>\n<script type=\"application\/ld+json\" class=\"yoast-schema-graph\">{\"@context\":\"https:\/\/schema.org\",\"@graph\":[{\"@type\":\"WebPage\",\"@id\":\"https:\/\/mecane.com\/ca\/declaracio-daccessibilitat\/\",\"url\":\"https:\/\/mecane.com\/ca\/declaracio-daccessibilitat\/\",\"name\":\"Declaraci\u00f3 d\u2019accessibilitat - Mecane\",\"isPartOf\":{\"@id\":\"https:\/\/mecane.com\/ca\/#website\"},\"datePublished\":\"2023-02-15T13:45:25+00:00\",\"dateModified\":\"2023-02-15T13:53:12+00:00\",\"description\":\"Av\u00eds legal Mecane. L'objecte de les presents Av\u00eds legal \u00e9s regular l'acc\u00e9s i la utilitzaci\u00f3 de la p\u00e0gina web mecane.com\",\"breadcrumb\":{\"@id\":\"https:\/\/mecane.com\/ca\/declaracio-daccessibilitat\/#breadcrumb\"},\"inLanguage\":\"ca\",\"potentialAction\":[{\"@type\":\"ReadAction\",\"target\":[\"https:\/\/mecane.com\/ca\/declaracio-daccessibilitat\/\"]}]},{\"@type\":\"BreadcrumbList\",\"@id\":\"https:\/\/mecane.com\/ca\/declaracio-daccessibilitat\/#breadcrumb\",\"itemListElement\":[{\"@type\":\"ListItem\",\"position\":1,\"name\":\"Portada\",\"item\":\"https:\/\/mecane.com\/ca\/mecane\/\"},{\"@type\":\"ListItem\",\"position\":2,\"name\":\"Declaraci\u00f3 d\u2019accessibilitat\"}]},{\"@type\":\"WebSite\",\"@id\":\"https:\/\/mecane.com\/ca\/#website\",\"url\":\"https:\/\/mecane.com\/ca\/\",\"name\":\"Mecane\",\"description\":\"Especialistas en mecanizaci\u00f3n, Fresado y Rectificaci\u00f3n\",\"publisher\":{\"@id\":\"https:\/\/mecane.com\/ca\/#organization\"},\"alternateName\":\"Mecane\",\"potentialAction\":[{\"@type\":\"SearchAction\",\"target\":{\"@type\":\"EntryPoint\",\"urlTemplate\":\"https:\/\/mecane.com\/ca\/?s={search_term_string}\"},\"query-input\":\"required name=search_term_string\"}],\"inLanguage\":\"ca\"},{\"@type\":\"Organization\",\"@id\":\"https:\/\/mecane.com\/ca\/#organization\",\"name\":\"Mecane\",\"alternateName\":\"Mecane\",\"url\":\"https:\/\/mecane.com\/ca\/\",\"logo\":{\"@type\":\"ImageObject\",\"inLanguage\":\"ca\",\"@id\":\"https:\/\/mecane.com\/ca\/#\/schema\/logo\/image\/\",\"url\":\"https:\/\/mecane.com\/wp-content\/uploads\/2023\/01\/logo-removebg-preview.png\",\"contentUrl\":\"https:\/\/mecane.com\/wp-content\/uploads\/2023\/01\/logo-removebg-preview.png\",\"width\":255,\"height\":105,\"caption\":\"Mecane\"},\"image\":{\"@id\":\"https:\/\/mecane.com\/ca\/#\/schema\/logo\/image\/\"},\"sameAs\":[\"https:\/\/www.instagram.com\/mecanesl\/\"]}]}<\/script>\n<!-- \/ Yoast SEO plugin. -->","yoast_head_json":{"title":"Declaraci\u00f3 d\u2019accessibilitat - Mecane","description":"Av\u00eds legal Mecane. L'objecte de les presents Av\u00eds legal \u00e9s regular l'acc\u00e9s i la utilitzaci\u00f3 de la p\u00e0gina web mecane.com","robots":{"index":"index","follow":"follow","max-snippet":"max-snippet:-1","max-image-preview":"max-image-preview:large","max-video-preview":"max-video-preview:-1"},"canonical":"https:\/\/mecane.com\/ca\/declaracio-daccessibilitat\/","og_locale":"ca_ES","og_type":"article","og_title":"Declaraci\u00f3 d\u2019accessibilitat - Mecane","og_description":"Av\u00eds legal Mecane. L'objecte de les presents Av\u00eds legal \u00e9s regular l'acc\u00e9s i la utilitzaci\u00f3 de la p\u00e0gina web mecane.com","og_url":"https:\/\/mecane.com\/ca\/declaracio-daccessibilitat\/","og_site_name":"Mecane","article_modified_time":"2023-02-15T13:53:12+00:00","og_image":[{"url":"https:\/\/mecane.com\/wp-content\/uploads\/2023\/01\/legal-150x150.png"}],"twitter_card":"summary_large_image","twitter_misc":{"Temps estimat de lectura":"2 minuts"},"schema":{"@context":"https:\/\/schema.org","@graph":[{"@type":"WebPage","@id":"https:\/\/mecane.com\/ca\/declaracio-daccessibilitat\/","url":"https:\/\/mecane.com\/ca\/declaracio-daccessibilitat\/","name":"Declaraci\u00f3 d\u2019accessibilitat - Mecane","isPartOf":{"@id":"https:\/\/mecane.com\/ca\/#website"},"datePublished":"2023-02-15T13:45:25+00:00","dateModified":"2023-02-15T13:53:12+00:00","description":"Av\u00eds legal Mecane. L'objecte de les presents Av\u00eds legal \u00e9s regular l'acc\u00e9s i la utilitzaci\u00f3 de la p\u00e0gina web mecane.com","breadcrumb":{"@id":"https:\/\/mecane.com\/ca\/declaracio-daccessibilitat\/#breadcrumb"},"inLanguage":"ca","potentialAction":[{"@type":"ReadAction","target":["https:\/\/mecane.com\/ca\/declaracio-daccessibilitat\/"]}]},{"@type":"BreadcrumbList","@id":"https:\/\/mecane.com\/ca\/declaracio-daccessibilitat\/#breadcrumb","itemListElement":[{"@type":"ListItem","position":1,"name":"Portada","item":"https:\/\/mecane.com\/ca\/mecane\/"},{"@type":"ListItem","position":2,"name":"Declaraci\u00f3 d\u2019accessibilitat"}]},{"@type":"WebSite","@id":"https:\/\/mecane.com\/ca\/#website","url":"https:\/\/mecane.com\/ca\/","name":"Mecane","description":"Especialistas en mecanizaci\u00f3n, Fresado y Rectificaci\u00f3n","publisher":{"@id":"https:\/\/mecane.com\/ca\/#organization"},"alternateName":"Mecane","potentialAction":[{"@type":"SearchAction","target":{"@type":"EntryPoint","urlTemplate":"https:\/\/mecane.com\/ca\/?s={search_term_string}"},"query-input":"required name=search_term_string"}],"inLanguage":"ca"},{"@type":"Organization","@id":"https:\/\/mecane.com\/ca\/#organization","name":"Mecane","alternateName":"Mecane","url":"https:\/\/mecane.com\/ca\/","logo":{"@type":"ImageObject","inLanguage":"ca","@id":"https:\/\/mecane.com\/ca\/#\/schema\/logo\/image\/","url":"https:\/\/mecane.com\/wp-content\/uploads\/2023\/01\/logo-removebg-preview.png","contentUrl":"https:\/\/mecane.com\/wp-content\/uploads\/2023\/01\/logo-removebg-preview.png","width":255,"height":105,"caption":"Mecane"},"image":{"@id":"https:\/\/mecane.com\/ca\/#\/schema\/logo\/image\/"},"sameAs":["https:\/\/www.instagram.com\/mecanesl\/"]}]}},"_links":{"self":[{"href":"https:\/\/mecane.com\/ca\/wp-json\/wp\/v2\/pages\/1986"}],"collection":[{"href":"https:\/\/mecane.com\/ca\/wp-json\/wp\/v2\/pages"}],"about":[{"href":"https:\/\/mecane.com\/ca\/wp-json\/wp\/v2\/types\/page"}],"author":[{"embeddable":true,"href":"https:\/\/mecane.com\/ca\/wp-json\/wp\/v2\/users\/1"}],"replies":[{"embeddable":true,"href":"https:\/\/mecane.com\/ca\/wp-json\/wp\/v2\/comments?post=1986"}],"version-history":[{"count":7,"href":"https:\/\/mecane.com\/ca\/wp-json\/wp\/v2\/pages\/1986\/revisions"}],"predecessor-version":[{"id":1999,"href":"https:\/\/mecane.com\/ca\/wp-json\/wp\/v2\/pages\/1986\/revisions\/1999"}],"wp:attachment":[{"href":"https:\/\/mecane.com\/ca\/wp-json\/wp\/v2\/media?parent=1986"}],"curies":[{"name":"wp","href":"https:\/\/api.w.org\/{rel}","templated":true}]}}