{"id":39,"date":"2022-05-30T11:46:07","date_gmt":"2022-05-30T11:46:07","guid":{"rendered":"https:\/\/themexriver.com\/wp\/roonix\/?page_id=39"},"modified":"2023-02-07T08:05:44","modified_gmt":"2023-02-07T08:05:44","slug":"serveis","status":"publish","type":"page","link":"https:\/\/mecane.com\/ca\/serveis\/","title":{"rendered":"Serveis"},"content":{"rendered":"\t\t<div data-elementor-type=\"wp-page\" data-elementor-id=\"39\" class=\"elementor elementor-39\">\n\t\t\t\t\t\t\t\t\t<section class=\"elementor-section elementor-top-section elementor-element elementor-element-747c0e4 elementor-hidden-desktop elementor-hidden-tablet elementor-hidden-mobile elementor-section-boxed elementor-section-height-default elementor-section-height-default\" data-id=\"747c0e4\" data-element_type=\"section\">\n\t\t\t\t\t\t<div class=\"elementor-container elementor-column-gap-default\">\n\t\t\t\t\t<div class=\"elementor-column elementor-col-100 elementor-top-column elementor-element elementor-element-7f47588\" data-id=\"7f47588\" data-element_type=\"column\">\n\t\t\t<div class=\"elementor-widget-wrap elementor-element-populated\">\n\t\t\t\t\t\t\t\t<div class=\"elementor-element elementor-element-1e57ab1 elementor-widget elementor-widget-text-editor\" data-id=\"1e57ab1\" data-element_type=\"widget\" data-widget_type=\"text-editor.default\">\n\t\t\t\t<div class=\"elementor-widget-container\">\n\t\t\t<style>\/*! elementor - v3.10.1 - 17-01-2023 *\/\n.elementor-widget-text-editor.elementor-drop-cap-view-stacked .elementor-drop-cap{background-color:#818a91;color:#fff}.elementor-widget-text-editor.elementor-drop-cap-view-framed .elementor-drop-cap{color:#818a91;border:3px solid;background-color:transparent}.elementor-widget-text-editor:not(.elementor-drop-cap-view-default) .elementor-drop-cap{margin-top:8px}.elementor-widget-text-editor:not(.elementor-drop-cap-view-default) .elementor-drop-cap-letter{width:1em;height:1em}.elementor-widget-text-editor .elementor-drop-cap{float:left;text-align:center;line-height:1;font-size:50px}.elementor-widget-text-editor .elementor-drop-cap-letter{display:inline-block}<\/style>\t\t\t\t<p>Nostres serveis<\/p><p><a href=\"https:\/\/mecane.com\/2023\/empresa\/\">nosaltres<\/a><\/p><p><a href=\"https:\/\/www.3ds.com\/es\/make\/guide\/process\/cnc-machining#:~:text=El%20mecanizado%20CNC%20es%20un,y%20producir%20una%20pieza%20personalizada.\">mecanizado<\/a><\/p>\t\t\t\t\t\t<\/div>\n\t\t\t\t<\/div>\n\t\t\t\t\t<\/div>\n\t\t<\/div>\n\t\t\t\t\t\t\t<\/div>\n\t\t<\/section>\n\t\t\t\t<section class=\"elementor-section elementor-top-section elementor-element elementor-element-5b27479 elementor-section-boxed elementor-section-height-default elementor-section-height-default\" data-id=\"5b27479\" data-element_type=\"section\" data-settings=\"{&quot;background_background&quot;:&quot;classic&quot;}\">\n\t\t\t\t\t\t<div class=\"elementor-container elementor-column-gap-default\">\n\t\t\t\t\t<div class=\"elementor-column elementor-col-33 elementor-top-column elementor-element elementor-element-e57d4ee\" data-id=\"e57d4ee\" data-element_type=\"column\" data-settings=\"{&quot;background_background&quot;:&quot;classic&quot;}\">\n\t\t\t<div class=\"elementor-widget-wrap elementor-element-populated\">\n\t\t\t\t\t\t\t\t<div class=\"elementor-element elementor-element-911d92a elementor-widget elementor-widget-image\" data-id=\"911d92a\" data-element_type=\"widget\" data-widget_type=\"image.default\">\n\t\t\t\t<div class=\"elementor-widget-container\">\n\t\t\t<style>\/*! elementor - v3.10.1 - 17-01-2023 *\/\n.elementor-widget-image{text-align:center}.elementor-widget-image a{display:inline-block}.elementor-widget-image a img[src$=\".svg\"]{width:48px}.elementor-widget-image img{vertical-align:middle;display:inline-block}<\/style>\t\t\t\t\t\t\t\t\t\t\t\t<img decoding=\"async\" width=\"512\" height=\"512\" src=\"https:\/\/mecane.com\/wp-content\/uploads\/2023\/01\/fresadora.png\" class=\"elementor-animation-grow-rotate attachment-full size-full wp-image-1179\" alt=\"\" loading=\"lazy\" srcset=\"https:\/\/mecane.com\/wp-content\/uploads\/2023\/01\/fresadora.png 512w, https:\/\/mecane.com\/wp-content\/uploads\/2023\/01\/fresadora-300x300.png 300w, https:\/\/mecane.com\/wp-content\/uploads\/2023\/01\/fresadora-150x150.png 150w, https:\/\/mecane.com\/wp-content\/uploads\/2023\/01\/fresadora-94x94.png 94w, https:\/\/mecane.com\/wp-content\/uploads\/2023\/01\/fresadora-90x90.png 90w, https:\/\/mecane.com\/wp-content\/uploads\/2023\/01\/fresadora-80x80.png 80w\" sizes=\"(max-width: 512px) 100vw, 512px\" \/>\t\t\t\t\t\t\t\t\t\t\t\t\t\t\t<\/div>\n\t\t\t\t<\/div>\n\t\t\t\t<div class=\"elementor-element elementor-element-06ccd4e elementor-widget elementor-widget-heading\" data-id=\"06ccd4e\" data-element_type=\"widget\" data-widget_type=\"heading.default\">\n\t\t\t\t<div class=\"elementor-widget-container\">\n\t\t\t<style>\/*! elementor - v3.10.1 - 17-01-2023 *\/\n.elementor-heading-title{padding:0;margin:0;line-height:1}.elementor-widget-heading .elementor-heading-title[class*=elementor-size-]>a{color:inherit;font-size:inherit;line-height:inherit}.elementor-widget-heading .elementor-heading-title.elementor-size-small{font-size:15px}.elementor-widget-heading .elementor-heading-title.elementor-size-medium{font-size:19px}.elementor-widget-heading .elementor-heading-title.elementor-size-large{font-size:29px}.elementor-widget-heading .elementor-heading-title.elementor-size-xl{font-size:39px}.elementor-widget-heading .elementor-heading-title.elementor-size-xxl{font-size:59px}<\/style><h4 class=\"elementor-heading-title elementor-size-default\">Mecanitzaci\u00f3 CNC<\/h4>\t\t<\/div>\n\t\t\t\t<\/div>\n\t\t\t\t<div class=\"elementor-element elementor-element-6c7f57f elementor-widget__width-initial elementor-widget elementor-widget-text-editor\" data-id=\"6c7f57f\" data-element_type=\"widget\" data-widget_type=\"text-editor.default\">\n\t\t\t\t<div class=\"elementor-widget-container\">\n\t\t\t\t\t\t\t<p>En el nostre proc\u00e9s donem un servei de mecanitzat integral de la pe\u00e7a, utilitzant diferents tractaments<\/p>\t\t\t\t\t\t<\/div>\n\t\t\t\t<\/div>\n\t\t\t\t<div class=\"elementor-element elementor-element-5073e07 elementor-align-left elementor-widget elementor-widget-button\" data-id=\"5073e07\" data-element_type=\"widget\" data-widget_type=\"button.default\">\n\t\t\t\t<div class=\"elementor-widget-container\">\n\t\t\t\t\t<div class=\"elementor-button-wrapper\">\n\t\t\t<a href=\"https:\/\/mecane.com\/2023\/ca\/mecanitzacio-cnc\/\" class=\"elementor-button-link elementor-button elementor-size-md\" role=\"button\">\n\t\t\t\t\t\t<span class=\"elementor-button-content-wrapper\">\n\t\t\t\t\t\t\t<span class=\"elementor-button-icon elementor-align-icon-right\">\n\t\t\t\t<i aria-hidden=\"true\" class=\"fas fa-caret-right\"><\/i>\t\t\t<\/span>\n\t\t\t\t\t\t<span class=\"elementor-button-text\">VEURE M\u00c9S<\/span>\n\t\t<\/span>\n\t\t\t\t\t<\/a>\n\t\t<\/div>\n\t\t\t\t<\/div>\n\t\t\t\t<\/div>\n\t\t\t\t\t<\/div>\n\t\t<\/div>\n\t\t\t\t<div class=\"elementor-column elementor-col-33 elementor-top-column elementor-element elementor-element-8090fff\" data-id=\"8090fff\" data-element_type=\"column\" data-settings=\"{&quot;background_background&quot;:&quot;classic&quot;}\">\n\t\t\t<div class=\"elementor-widget-wrap elementor-element-populated\">\n\t\t\t\t\t\t\t\t<div class=\"elementor-element elementor-element-cadf0dd elementor-widget elementor-widget-image\" data-id=\"cadf0dd\" data-element_type=\"widget\" data-widget_type=\"image.default\">\n\t\t\t\t<div class=\"elementor-widget-container\">\n\t\t\t\t\t\t\t\t\t\t\t\t\t\t\t<img decoding=\"async\" width=\"512\" height=\"512\" src=\"https:\/\/mecane.com\/wp-content\/uploads\/2023\/01\/fresadora.png\" class=\"elementor-animation-rotate attachment-full size-full wp-image-1179\" alt=\"\" loading=\"lazy\" srcset=\"https:\/\/mecane.com\/wp-content\/uploads\/2023\/01\/fresadora.png 512w, https:\/\/mecane.com\/wp-content\/uploads\/2023\/01\/fresadora-300x300.png 300w, https:\/\/mecane.com\/wp-content\/uploads\/2023\/01\/fresadora-150x150.png 150w, https:\/\/mecane.com\/wp-content\/uploads\/2023\/01\/fresadora-94x94.png 94w, https:\/\/mecane.com\/wp-content\/uploads\/2023\/01\/fresadora-90x90.png 90w, https:\/\/mecane.com\/wp-content\/uploads\/2023\/01\/fresadora-80x80.png 80w\" sizes=\"(max-width: 512px) 100vw, 512px\" \/>\t\t\t\t\t\t\t\t\t\t\t\t\t\t\t<\/div>\n\t\t\t\t<\/div>\n\t\t\t\t<div class=\"elementor-element elementor-element-3dd066e elementor-widget elementor-widget-heading\" data-id=\"3dd066e\" data-element_type=\"widget\" data-widget_type=\"heading.default\">\n\t\t\t\t<div class=\"elementor-widget-container\">\n\t\t\t<h4 class=\"elementor-heading-title elementor-size-default\">Fresat<\/h4>\t\t<\/div>\n\t\t\t\t<\/div>\n\t\t\t\t<div class=\"elementor-element elementor-element-4fa2db7 elementor-widget__width-initial elementor-widget elementor-widget-text-editor\" data-id=\"4fa2db7\" data-element_type=\"widget\" data-widget_type=\"text-editor.default\">\n\t\t\t\t<div class=\"elementor-widget-container\">\n\t\t\t\t\t\t\t<p>Realitzem el fresat de la pe\u00e7a en diferents materials com el ferro colat i l&#8217;alumini<\/p>\t\t\t\t\t\t<\/div>\n\t\t\t\t<\/div>\n\t\t\t\t<div class=\"elementor-element elementor-element-0da808f elementor-align-left elementor-widget elementor-widget-button\" data-id=\"0da808f\" data-element_type=\"widget\" data-widget_type=\"button.default\">\n\t\t\t\t<div class=\"elementor-widget-container\">\n\t\t\t\t\t<div class=\"elementor-button-wrapper\">\n\t\t\t<a href=\"https:\/\/mecane.com\/2023\/ca\/fresat\/\" class=\"elementor-button-link elementor-button elementor-size-md\" role=\"button\">\n\t\t\t\t\t\t<span class=\"elementor-button-content-wrapper\">\n\t\t\t\t\t\t\t<span class=\"elementor-button-icon elementor-align-icon-right\">\n\t\t\t\t<i aria-hidden=\"true\" class=\"fas fa-caret-right\"><\/i>\t\t\t<\/span>\n\t\t\t\t\t\t<span class=\"elementor-button-text\">VEURE M\u00c9S<\/span>\n\t\t<\/span>\n\t\t\t\t\t<\/a>\n\t\t<\/div>\n\t\t\t\t<\/div>\n\t\t\t\t<\/div>\n\t\t\t\t\t<\/div>\n\t\t<\/div>\n\t\t\t\t<div class=\"elementor-column elementor-col-33 elementor-top-column elementor-element elementor-element-d232ce6\" data-id=\"d232ce6\" data-element_type=\"column\" data-settings=\"{&quot;background_background&quot;:&quot;classic&quot;}\">\n\t\t\t<div class=\"elementor-widget-wrap elementor-element-populated\">\n\t\t\t\t\t\t\t\t<div class=\"elementor-element elementor-element-c3df714 elementor-widget elementor-widget-image\" data-id=\"c3df714\" data-element_type=\"widget\" data-widget_type=\"image.default\">\n\t\t\t\t<div class=\"elementor-widget-container\">\n\t\t\t\t\t\t\t\t\t\t\t\t\t\t\t<img decoding=\"async\" width=\"512\" height=\"512\" src=\"https:\/\/mecane.com\/wp-content\/uploads\/2023\/01\/fresadora.png\" class=\"attachment-full size-full wp-image-1179\" alt=\"\" loading=\"lazy\" srcset=\"https:\/\/mecane.com\/wp-content\/uploads\/2023\/01\/fresadora.png 512w, https:\/\/mecane.com\/wp-content\/uploads\/2023\/01\/fresadora-300x300.png 300w, https:\/\/mecane.com\/wp-content\/uploads\/2023\/01\/fresadora-150x150.png 150w, https:\/\/mecane.com\/wp-content\/uploads\/2023\/01\/fresadora-94x94.png 94w, https:\/\/mecane.com\/wp-content\/uploads\/2023\/01\/fresadora-90x90.png 90w, https:\/\/mecane.com\/wp-content\/uploads\/2023\/01\/fresadora-80x80.png 80w\" sizes=\"(max-width: 512px) 100vw, 512px\" \/>\t\t\t\t\t\t\t\t\t\t\t\t\t\t\t<\/div>\n\t\t\t\t<\/div>\n\t\t\t\t<div class=\"elementor-element elementor-element-f0e4c7c elementor-widget elementor-widget-heading\" data-id=\"f0e4c7c\" data-element_type=\"widget\" data-widget_type=\"heading.default\">\n\t\t\t\t<div class=\"elementor-widget-container\">\n\t\t\t<h4 class=\"elementor-heading-title elementor-size-default\">Rectificats<\/h4>\t\t<\/div>\n\t\t\t\t<\/div>\n\t\t\t\t<div class=\"elementor-element elementor-element-20a5fc2 elementor-widget__width-initial elementor-widget elementor-widget-text-editor\" data-id=\"20a5fc2\" data-element_type=\"widget\" data-widget_type=\"text-editor.default\">\n\t\t\t\t<div class=\"elementor-widget-container\">\n\t\t\t\t\t\t\t<p><span style=\"white-space: pre-wrap;\">Realitzem el rectificat de les peces que realitzem, procurant aix\u00ed un acabat complet i de qualitat<\/span><\/p>\t\t\t\t\t\t<\/div>\n\t\t\t\t<\/div>\n\t\t\t\t<div class=\"elementor-element elementor-element-d5cc7c0 elementor-align-left elementor-widget elementor-widget-button\" data-id=\"d5cc7c0\" data-element_type=\"widget\" data-widget_type=\"button.default\">\n\t\t\t\t<div class=\"elementor-widget-container\">\n\t\t\t\t\t<div class=\"elementor-button-wrapper\">\n\t\t\t<a href=\"https:\/\/mecane.com\/2023\/ca\/rectificats\/\" class=\"elementor-button-link elementor-button elementor-size-md\" role=\"button\">\n\t\t\t\t\t\t<span class=\"elementor-button-content-wrapper\">\n\t\t\t\t\t\t\t<span class=\"elementor-button-icon elementor-align-icon-right\">\n\t\t\t\t<i aria-hidden=\"true\" class=\"fas fa-caret-right\"><\/i>\t\t\t<\/span>\n\t\t\t\t\t\t<span class=\"elementor-button-text\">VEURE M\u00c9S<\/span>\n\t\t<\/span>\n\t\t\t\t\t<\/a>\n\t\t<\/div>\n\t\t\t\t<\/div>\n\t\t\t\t<\/div>\n\t\t\t\t\t<\/div>\n\t\t<\/div>\n\t\t\t\t\t\t\t<\/div>\n\t\t<\/section>\n\t\t\t\t<section class=\"elementor-section elementor-top-section elementor-element elementor-element-530a553 elementor-section-full_width elementor-section-height-min-height elementor-section-height-default elementor-section-items-middle\" data-id=\"530a553\" data-element_type=\"section\" data-settings=\"{&quot;background_background&quot;:&quot;classic&quot;}\">\n\t\t\t\t\t\t<div class=\"elementor-container elementor-column-gap-default\">\n\t\t\t\t\t<div class=\"elementor-column elementor-col-100 elementor-top-column elementor-element elementor-element-e7932da\" data-id=\"e7932da\" data-element_type=\"column\">\n\t\t\t<div class=\"elementor-widget-wrap\">\n\t\t\t\t\t\t\t\t\t<\/div>\n\t\t<\/div>\n\t\t\t\t\t\t\t<\/div>\n\t\t<\/section>\n\t\t\t\t<section class=\"elementor-section elementor-top-section elementor-element elementor-element-6f05244 elementor-section-full_width elementor-section-height-default elementor-section-height-default\" data-id=\"6f05244\" data-element_type=\"section\">\n\t\t\t\t\t\t<div class=\"elementor-container elementor-column-gap-default\">\n\t\t\t\t\t<div class=\"elementor-column elementor-col-100 elementor-top-column elementor-element elementor-element-f89ff82\" data-id=\"f89ff82\" data-element_type=\"column\">\n\t\t\t<div class=\"elementor-widget-wrap elementor-element-populated\">\n\t\t\t\t\t\t\t\t<div class=\"elementor-element elementor-element-8a1b353 elementor-widget elementor-widget-roonix_appointment_form_v6\" data-id=\"8a1b353\" data-element_type=\"widget\" data-widget_type=\"roonix_appointment_form_v6.default\">\n\t\t\t\t<div class=\"elementor-widget-container\">\n\t\t\t    \r\n    <section class=\"services-form-section\">\r\n        <div class=\"auto-container\">\r\n                        <!-- Sec Title -->\r\n            <div class=\"sec-title centered\">\r\n                <h2>No pots trobar <br \/> el que est\u00e0s buscant?<\/h2>\r\n            <\/div>\r\n                        \r\n                        <!-- Default Form \/ Style Two -->\r\n            <div class=\"default-form style-three\">\r\n               \n<div class=\"wpcf7 no-js\" id=\"wpcf7-f529-o1\" lang=\"ca\" dir=\"ltr\">\n<div class=\"screen-reader-response\"><p role=\"status\" aria-live=\"polite\" aria-atomic=\"true\"><\/p> <ul><\/ul><\/div>\n<form action=\"\/ca\/wp-json\/wp\/v2\/pages\/39#wpcf7-f529-o1\" method=\"post\" class=\"wpcf7-form init\" aria-label=\"Formulari de contacte\" novalidate=\"novalidate\" data-status=\"init\">\n<div style=\"display: none;\">\n<input type=\"hidden\" name=\"_wpcf7\" value=\"529\" \/>\n<input type=\"hidden\" name=\"_wpcf7_version\" value=\"5.7.3\" \/>\n<input type=\"hidden\" name=\"_wpcf7_locale\" value=\"ca\" \/>\n<input type=\"hidden\" name=\"_wpcf7_unit_tag\" value=\"wpcf7-f529-o1\" \/>\n<input type=\"hidden\" name=\"_wpcf7_container_post\" value=\"0\" \/>\n<input type=\"hidden\" name=\"_wpcf7_posted_data_hash\" value=\"\" \/>\n<input type=\"hidden\" name=\"_wpcf7_recaptcha_response\" value=\"\" \/>\n<\/div>\n<div class=\"row clearfix\">\n\t<div class=\"col-lg-6 col-md-6 col-sm-12 form-group\">\n\t\t<p><span class=\"wpcf7-form-control-wrap\" data-name=\"text-885\"><input size=\"40\" class=\"wpcf7-form-control wpcf7-text wpcf7-validates-as-required\" aria-required=\"true\" aria-invalid=\"false\" placeholder=\"Nom\" value=\"\" type=\"text\" name=\"text-885\" \/><\/span>\n\t\t<\/p>\n\t<\/div>\n\t<div class=\"col-lg-6 col-md-6 col-sm-12 form-group\">\n\t\t<p><span class=\"wpcf7-form-control-wrap\" data-name=\"email-964\"><input size=\"40\" class=\"wpcf7-form-control wpcf7-text wpcf7-email wpcf7-validates-as-required wpcf7-validates-as-email\" aria-required=\"true\" aria-invalid=\"false\" placeholder=\"Email\" value=\"\" type=\"email\" name=\"email-964\" \/><\/span>\n\t\t<\/p>\n\t<\/div>\n\t<div class=\"col-lg-12 col-md-12 col-sm-12 form-group\">\n\t\t<p><span class=\"wpcf7-form-control-wrap\" data-name=\"textarea-25\"><textarea cols=\"40\" rows=\"10\" class=\"wpcf7-form-control wpcf7-textarea wpcf7-validates-as-required\" aria-required=\"true\" aria-invalid=\"false\" placeholder=\"Missatge\" name=\"textarea-25\"><\/textarea><\/span>\n\t\t<\/p>\n\t<\/div>\n\t<div class=\"col-lg-12 col-md-12 col-sm-12 form-group\">\n\t\t<p><span class=\"wpcf7-form-control-wrap\" data-name=\"acceptance-751\"><span class=\"wpcf7-form-control wpcf7-acceptance\"><span class=\"wpcf7-list-item\"><input type=\"checkbox\" name=\"acceptance-751\" value=\"1\" aria-invalid=\"false\" \/><\/span><\/span><\/span> He llegit i accepto la <a href=\"https:\/\/mecane.com\/politica-de-privacitat\" target=\"_blank\">pol\u00edtica de privacitat<\/a>\n\t\t<\/p>\n\t<\/div>\n\t<div class=\"col-lg-12 col-md-12 col-sm-12 form-group text-center\">\n\t\t<p><button class=\"theme-btn btn-style-two\"><span class=\"btn-wrap\"><span class=\"text-one\">Enviar missatge<\/span><span class=\"text-two\">Enviar missatge<\/span><\/span><br \/>\n<\/button>\n\t\t<\/p>\n\t<\/div>\n<\/div><div class=\"wpcf7-response-output\" aria-hidden=\"true\"><\/div>\n<\/form>\n<\/div>\n            <\/div>\r\n            <!-- End Default Form -->\r\n                    <\/div>\r\n    <\/section>\r\n  \r\n    \t\t<\/div>\n\t\t\t\t<\/div>\n\t\t\t\t\t<\/div>\n\t\t<\/div>\n\t\t\t\t\t\t\t<\/div>\n\t\t<\/section>\n\t\t\t\t\t\t\t<\/div>\n\t\t","protected":false},"excerpt":{"rendered":"<p>Nostres serveis nosaltres mecanizado Mecanitzaci\u00f3 CNC En el nostre proc\u00e9s donem un servei de mecanitzat integral de la pe\u00e7a, utilitzant diferents tractaments VEURE M\u00c9S Fresat Realitzem el fresat de la pe\u00e7a en diferents materials com el ferro colat i l&#8217;alumini VEURE M\u00c9S Rectificats Realitzem el rectificat de les peces que realitzem, procurant aix\u00ed un acabat [&hellip;]<\/p>\n","protected":false},"author":1,"featured_media":0,"parent":0,"menu_order":0,"comment_status":"closed","ping_status":"closed","template":"tpl-default-elementor.php","meta":[],"yoast_head":"<!-- This site is optimized with the Yoast SEO plugin v20.0 - https:\/\/yoast.com\/wordpress\/plugins\/seo\/ -->\n<title>Serveis - Mecane<\/title>\n<meta name=\"description\" content=\"Serveis de Mecane, empresa especialitzada en mecanitzaci\u00f3 CNC, fresat i rectificaci\u00f3 de peces. Situats a Cabrera de Mar.\" \/>\n<meta name=\"robots\" content=\"index, follow, max-snippet:-1, max-image-preview:large, max-video-preview:-1\" \/>\n<link rel=\"canonical\" href=\"https:\/\/mecane.com\/ca\/serveis\/\" \/>\n<meta property=\"og:locale\" content=\"ca_ES\" \/>\n<meta property=\"og:type\" content=\"article\" \/>\n<meta property=\"og:title\" content=\"Serveis - Mecane\" \/>\n<meta property=\"og:description\" content=\"Serveis de Mecane, empresa especialitzada en mecanitzaci\u00f3 CNC, fresat i rectificaci\u00f3 de peces. Situats a Cabrera de Mar.\" \/>\n<meta property=\"og:url\" content=\"https:\/\/mecane.com\/ca\/serveis\/\" \/>\n<meta property=\"og:site_name\" content=\"Mecane\" \/>\n<meta property=\"article:modified_time\" content=\"2023-02-07T08:05:44+00:00\" \/>\n<meta property=\"og:image\" content=\"https:\/\/mecane.com\/wp-content\/uploads\/2023\/01\/fresadora.png\" \/>\n<meta name=\"twitter:card\" content=\"summary_large_image\" \/>\n<meta name=\"twitter:label1\" content=\"Temps estimat de lectura\" \/>\n\t<meta name=\"twitter:data1\" content=\"2 minuts\" \/>\n<script type=\"application\/ld+json\" class=\"yoast-schema-graph\">{\"@context\":\"https:\/\/schema.org\",\"@graph\":[{\"@type\":\"WebPage\",\"@id\":\"https:\/\/mecane.com\/ca\/serveis\/\",\"url\":\"https:\/\/mecane.com\/ca\/serveis\/\",\"name\":\"Serveis - Mecane\",\"isPartOf\":{\"@id\":\"https:\/\/mecane.com\/ca\/#website\"},\"datePublished\":\"2022-05-30T11:46:07+00:00\",\"dateModified\":\"2023-02-07T08:05:44+00:00\",\"description\":\"Serveis de Mecane, empresa especialitzada en mecanitzaci\u00f3 CNC, fresat i rectificaci\u00f3 de peces. Situats a Cabrera de Mar.\",\"breadcrumb\":{\"@id\":\"https:\/\/mecane.com\/ca\/serveis\/#breadcrumb\"},\"inLanguage\":\"ca\",\"potentialAction\":[{\"@type\":\"ReadAction\",\"target\":[\"https:\/\/mecane.com\/ca\/serveis\/\"]}]},{\"@type\":\"BreadcrumbList\",\"@id\":\"https:\/\/mecane.com\/ca\/serveis\/#breadcrumb\",\"itemListElement\":[{\"@type\":\"ListItem\",\"position\":1,\"name\":\"Portada\",\"item\":\"https:\/\/mecane.com\/ca\/mecane\/\"},{\"@type\":\"ListItem\",\"position\":2,\"name\":\"Serveis\"}]},{\"@type\":\"WebSite\",\"@id\":\"https:\/\/mecane.com\/ca\/#website\",\"url\":\"https:\/\/mecane.com\/ca\/\",\"name\":\"Mecane\",\"description\":\"Especialistas en mecanizaci\u00f3n, Fresado y Rectificaci\u00f3n\",\"publisher\":{\"@id\":\"https:\/\/mecane.com\/ca\/#organization\"},\"alternateName\":\"Mecane\",\"potentialAction\":[{\"@type\":\"SearchAction\",\"target\":{\"@type\":\"EntryPoint\",\"urlTemplate\":\"https:\/\/mecane.com\/ca\/?s={search_term_string}\"},\"query-input\":\"required name=search_term_string\"}],\"inLanguage\":\"ca\"},{\"@type\":\"Organization\",\"@id\":\"https:\/\/mecane.com\/ca\/#organization\",\"name\":\"Mecane\",\"alternateName\":\"Mecane\",\"url\":\"https:\/\/mecane.com\/ca\/\",\"logo\":{\"@type\":\"ImageObject\",\"inLanguage\":\"ca\",\"@id\":\"https:\/\/mecane.com\/ca\/#\/schema\/logo\/image\/\",\"url\":\"https:\/\/mecane.com\/wp-content\/uploads\/2023\/01\/logo-removebg-preview.png\",\"contentUrl\":\"https:\/\/mecane.com\/wp-content\/uploads\/2023\/01\/logo-removebg-preview.png\",\"width\":255,\"height\":105,\"caption\":\"Mecane\"},\"image\":{\"@id\":\"https:\/\/mecane.com\/ca\/#\/schema\/logo\/image\/\"},\"sameAs\":[\"https:\/\/www.instagram.com\/mecanesl\/\"]}]}<\/script>\n<!-- \/ Yoast SEO plugin. -->","yoast_head_json":{"title":"Serveis - Mecane","description":"Serveis de Mecane, empresa especialitzada en mecanitzaci\u00f3 CNC, fresat i rectificaci\u00f3 de peces. Situats a Cabrera de Mar.","robots":{"index":"index","follow":"follow","max-snippet":"max-snippet:-1","max-image-preview":"max-image-preview:large","max-video-preview":"max-video-preview:-1"},"canonical":"https:\/\/mecane.com\/ca\/serveis\/","og_locale":"ca_ES","og_type":"article","og_title":"Serveis - Mecane","og_description":"Serveis de Mecane, empresa especialitzada en mecanitzaci\u00f3 CNC, fresat i rectificaci\u00f3 de peces. Situats a Cabrera de Mar.","og_url":"https:\/\/mecane.com\/ca\/serveis\/","og_site_name":"Mecane","article_modified_time":"2023-02-07T08:05:44+00:00","og_image":[{"url":"https:\/\/mecane.com\/wp-content\/uploads\/2023\/01\/fresadora.png"}],"twitter_card":"summary_large_image","twitter_misc":{"Temps estimat de lectura":"2 minuts"},"schema":{"@context":"https:\/\/schema.org","@graph":[{"@type":"WebPage","@id":"https:\/\/mecane.com\/ca\/serveis\/","url":"https:\/\/mecane.com\/ca\/serveis\/","name":"Serveis - Mecane","isPartOf":{"@id":"https:\/\/mecane.com\/ca\/#website"},"datePublished":"2022-05-30T11:46:07+00:00","dateModified":"2023-02-07T08:05:44+00:00","description":"Serveis de Mecane, empresa especialitzada en mecanitzaci\u00f3 CNC, fresat i rectificaci\u00f3 de peces. Situats a Cabrera de Mar.","breadcrumb":{"@id":"https:\/\/mecane.com\/ca\/serveis\/#breadcrumb"},"inLanguage":"ca","potentialAction":[{"@type":"ReadAction","target":["https:\/\/mecane.com\/ca\/serveis\/"]}]},{"@type":"BreadcrumbList","@id":"https:\/\/mecane.com\/ca\/serveis\/#breadcrumb","itemListElement":[{"@type":"ListItem","position":1,"name":"Portada","item":"https:\/\/mecane.com\/ca\/mecane\/"},{"@type":"ListItem","position":2,"name":"Serveis"}]},{"@type":"WebSite","@id":"https:\/\/mecane.com\/ca\/#website","url":"https:\/\/mecane.com\/ca\/","name":"Mecane","description":"Especialistas en mecanizaci\u00f3n, Fresado y Rectificaci\u00f3n","publisher":{"@id":"https:\/\/mecane.com\/ca\/#organization"},"alternateName":"Mecane","potentialAction":[{"@type":"SearchAction","target":{"@type":"EntryPoint","urlTemplate":"https:\/\/mecane.com\/ca\/?s={search_term_string}"},"query-input":"required name=search_term_string"}],"inLanguage":"ca"},{"@type":"Organization","@id":"https:\/\/mecane.com\/ca\/#organization","name":"Mecane","alternateName":"Mecane","url":"https:\/\/mecane.com\/ca\/","logo":{"@type":"ImageObject","inLanguage":"ca","@id":"https:\/\/mecane.com\/ca\/#\/schema\/logo\/image\/","url":"https:\/\/mecane.com\/wp-content\/uploads\/2023\/01\/logo-removebg-preview.png","contentUrl":"https:\/\/mecane.com\/wp-content\/uploads\/2023\/01\/logo-removebg-preview.png","width":255,"height":105,"caption":"Mecane"},"image":{"@id":"https:\/\/mecane.com\/ca\/#\/schema\/logo\/image\/"},"sameAs":["https:\/\/www.instagram.com\/mecanesl\/"]}]}},"_links":{"self":[{"href":"https:\/\/mecane.com\/ca\/wp-json\/wp\/v2\/pages\/39"}],"collection":[{"href":"https:\/\/mecane.com\/ca\/wp-json\/wp\/v2\/pages"}],"about":[{"href":"https:\/\/mecane.com\/ca\/wp-json\/wp\/v2\/types\/page"}],"author":[{"embeddable":true,"href":"https:\/\/mecane.com\/ca\/wp-json\/wp\/v2\/users\/1"}],"replies":[{"embeddable":true,"href":"https:\/\/mecane.com\/ca\/wp-json\/wp\/v2\/comments?post=39"}],"version-history":[{"count":18,"href":"https:\/\/mecane.com\/ca\/wp-json\/wp\/v2\/pages\/39\/revisions"}],"predecessor-version":[{"id":1826,"href":"https:\/\/mecane.com\/ca\/wp-json\/wp\/v2\/pages\/39\/revisions\/1826"}],"wp:attachment":[{"href":"https:\/\/mecane.com\/ca\/wp-json\/wp\/v2\/media?parent=39"}],"curies":[{"name":"wp","href":"https:\/\/api.w.org\/{rel}","templated":true}]}}